{"id":21,"date":"2020-05-19T13:35:00","date_gmt":"2020-05-19T13:35:00","guid":{"rendered":"https:\/\/ilatinashop.com.ar\/f-a-q\/"},"modified":"2020-05-19T13:35:00","modified_gmt":"2020-05-19T13:35:00","slug":"f-a-q","status":"publish","type":"page","link":"https:\/\/ilatinashop.com.ar\/en\/f-a-q\/","title":{"rendered":"Preguntas Frecuentes"},"content":{"rendered":"<div id=\"page-header-562819896\" class=\"page-header-wrapper\">\n  <div class=\"page-title light divided-title\">\n\n    \n    <div class=\"page-title-inner container align-center text-center flex-row-col medium-flex-wrap\" >\n              <div class=\"title-wrapper is-larger flex-col\">\n          <h1 class=\"entry-title mb-0\">\n            Preguntas Frecuentes          <\/h1>\n        <\/div>\n                    <div class=\"title-content flex-col\">\n              <\/div>\n    <\/div>\n\n       <\/div>\n  <div class=\"container header-wrapper-divider\"><hr\/><\/div>  <\/div>\n  \n\n<div class=\"row row-collapse align-center\" style=\"max-width:800px\" id=\"row-89588776\">\n\n\n\t<div id=\"col-2104421841\" class=\"col small-12 large-12\"  >\n\t\t\t\t<div class=\"col-inner\"  >\n\t\t\t\n\t\t\t\n\n<div class=\"accordion\">\n\n\t<div id=\"accordion-1973345071\" class=\"accordion-item\">\n\t\t<a id=\"accordion-1973345071-label\" class=\"accordion-title plain\" href=\"#accordion-item-\u00bfcu\u00e1l-es-el-monto-m\u00ednimo-de-compra?\" aria-expanded=\"false\" aria-controls=\"accordion-1973345071-content\">\n\t\t\t<button class=\"toggle\" aria-label=\"Toggle\"><i class=\"icon-angle-down\" aria-hidden=\"true\"><\/i><\/button>\n\t\t\t<span>\u00bfCu\u00e1l es el monto m\u00ednimo de compra?<\/span>\n\t\t<\/a>\n\t\t<div id=\"accordion-1973345071-content\" class=\"accordion-inner\" aria-labelledby=\"accordion-1973345071-label\">\n\t\t\t\n\n<p>El m\u00ednimo para pedidos online es de $100.000<\/p>\n\n\n\t\t<\/div>\n\t<\/div>\n\t\n\t<div id=\"accordion-2862063307\" class=\"accordion-item\">\n\t\t<a id=\"accordion-2862063307-label\" class=\"accordion-title plain\" href=\"#accordion-item-\u00bfse-puede-comprar-por-menor?\" aria-expanded=\"false\" aria-controls=\"accordion-2862063307-content\">\n\t\t\t<button class=\"toggle\" aria-label=\"Toggle\"><i class=\"icon-angle-down\" aria-hidden=\"true\"><\/i><\/button>\n\t\t\t<span>\u00bfSe puede comprar por menor?<\/span>\n\t\t<\/a>\n\t\t<div id=\"accordion-2862063307-content\" class=\"accordion-inner\" aria-labelledby=\"accordion-2862063307-label\">\n\t\t\t\n\n<p>No, por este medio \u00fanicamente se puede comprar por mayor.<\/p>\n\n\t\t<\/div>\n\t<\/div>\n\t\n\t<div id=\"accordion-2159740500\" class=\"accordion-item\">\n\t\t<a id=\"accordion-2159740500-label\" class=\"accordion-title plain\" href=\"#accordion-item-\u00bfpor-d\u00f3nde-realizo-el-pedido?\" aria-expanded=\"false\" aria-controls=\"accordion-2159740500-content\">\n\t\t\t<button class=\"toggle\" aria-label=\"Toggle\"><i class=\"icon-angle-down\" aria-hidden=\"true\"><\/i><\/button>\n\t\t\t<span>\u00bfPor d\u00f3nde realizo el pedido?<\/span>\n\t\t<\/a>\n\t\t<div id=\"accordion-2159740500-content\" class=\"accordion-inner\" aria-labelledby=\"accordion-2159740500-label\">\n\t\t\t\n\n<p>Los pedidos se pueden realizar por nuestra web o realizar consultas por whatsapp +5411-59273303.<\/p>\n\n\t\t<\/div>\n\t<\/div>\n\t\n\t<div id=\"accordion-258951809\" class=\"accordion-item\">\n\t\t<a id=\"accordion-258951809-label\" class=\"accordion-title plain\" href=\"#accordion-item-\u00bfqu\u00e9-pasa-despu\u00e9s-de-realizar-el-pedido?\" aria-expanded=\"false\" aria-controls=\"accordion-258951809-content\">\n\t\t\t<button class=\"toggle\" aria-label=\"Toggle\"><i class=\"icon-angle-down\" aria-hidden=\"true\"><\/i><\/button>\n\t\t\t<span>\u00bfQu\u00e9 pasa despu\u00e9s de realizar el pedido?<\/span>\n\t\t<\/a>\n\t\t<div id=\"accordion-258951809-content\" class=\"accordion-inner\" aria-labelledby=\"accordion-258951809-label\">\n\t\t\t\n\n<p>Una vez ingresado el pedido a la p\u00e1gina, revisamos el stock de tu pedido y nos comunicamos por whatsapp para coordinar el pago y el env\u00edo.En caso de no poseer ese medio, nos contactamos por mail o v\u00eda telef\u00f3nica. Por eso es importante que completes correctamente el formulario de datos.<br \/>\n<i><b>*IMPORTANTE<\/b><\/i> Los pedidos realizados los viernes despu\u00e9s de las 16.00hs pasar\u00e1n al lunes siguiente.<\/p>\n\n\t\t<\/div>\n\t<\/div>\n\t\n\t<div id=\"accordion-1076354177\" class=\"accordion-item\">\n\t\t<a id=\"accordion-1076354177-label\" class=\"accordion-title plain\" href=\"#accordion-item-\u00bfcu\u00e1les-son-los-m\u00e9todos-de-pago?\" aria-expanded=\"false\" aria-controls=\"accordion-1076354177-content\">\n\t\t\t<button class=\"toggle\" aria-label=\"Toggle\"><i class=\"icon-angle-down\" aria-hidden=\"true\"><\/i><\/button>\n\t\t\t<span>\u00bfCu\u00e1les son los m\u00e9todos de pago?<\/span>\n\t\t<\/a>\n\t\t<div id=\"accordion-1076354177-content\" class=\"accordion-inner\" aria-labelledby=\"accordion-1076354177-label\">\n\t\t\t\n\n<p>Podes abonar en EFECTIVO retirando en el local. Tambi\u00e9n a trav\u00e9s de DEP\u00d3SITO\/ TRANSFERENCIA bancaria en las cuentas del Banco. Y MERCADOPAGO, \u00fanicamente con transferencia directa con saldo en la cuenta, NO aceptamos tarjetas de cr\u00e9dito. El m\u00e9todo de Mercado Pago tiene un recargo del 10% en el total de la compra.<\/p>\n\n\t\t<\/div>\n\t<\/div>\n\t\n\t<div id=\"accordion-1674653966\" class=\"accordion-item\">\n\t\t<a id=\"accordion-1674653966-label\" class=\"accordion-title plain\" href=\"#accordion-item-\u00bfcu\u00e1nto-tiempo-tengo-para-abonar?\" aria-expanded=\"false\" aria-controls=\"accordion-1674653966-content\">\n\t\t\t<button class=\"toggle\" aria-label=\"Toggle\"><i class=\"icon-angle-down\" aria-hidden=\"true\"><\/i><\/button>\n\t\t\t<span>\u00bfCu\u00e1nto tiempo tengo para abonar?<\/span>\n\t\t<\/a>\n\t\t<div id=\"accordion-1674653966-content\" class=\"accordion-inner\" aria-labelledby=\"accordion-1674653966-label\">\n\t\t\t\n\n<p>Una vez confirmado el stock y el monto del pedido, se debe abonar y enviar el comprobante dentro de las <b>72 HORAS H\u00c1BILES.<\/b> De lo contrario procedemos la baja del mismo y el pedido se cancela autom\u00e1ticamente.<\/p>\n\n\t\t<\/div>\n\t<\/div>\n\t\n\t<div id=\"accordion-3171776763\" class=\"accordion-item\">\n\t\t<a id=\"accordion-3171776763-label\" class=\"accordion-title plain\" href=\"#accordion-item-\u00bfhacen-env\u00edos?\" aria-expanded=\"false\" aria-controls=\"accordion-3171776763-content\">\n\t\t\t<button class=\"toggle\" aria-label=\"Toggle\"><i class=\"icon-angle-down\" aria-hidden=\"true\"><\/i><\/button>\n\t\t\t<span>\u00bfHacen env\u00edos?<\/span>\n\t\t<\/a>\n\t\t<div id=\"accordion-3171776763-content\" class=\"accordion-inner\" aria-labelledby=\"accordion-3171776763-label\">\n\t\t\t\n\n<p>Si, hacemos env\u00edos a todo el pa\u00eds con el expreso o colectivo que desee el cliente. El costo de env\u00edo es a cargo del cliente a abonar una vez que recibe el paquete en la terminal o domicilio.<br \/>\nAdem\u00e1s te brindamos la opci\u00f3n de retirar en el local por Aranguren 3327.<\/p>\n\n\t\t<\/div>\n\t<\/div>\n\t\n\t<div id=\"accordion-1887620004\" class=\"accordion-item\">\n\t\t<a id=\"accordion-1887620004-label\" class=\"accordion-title plain\" href=\"#accordion-item-\u00bfcu\u00e1nto-tiempo-demora-en-llegar-mi-pedido?\" aria-expanded=\"false\" aria-controls=\"accordion-1887620004-content\">\n\t\t\t<button class=\"toggle\" aria-label=\"Toggle\"><i class=\"icon-angle-down\" aria-hidden=\"true\"><\/i><\/button>\n\t\t\t<span>\u00bfCu\u00e1nto tiempo demora en llegar mi pedido?<\/span>\n\t\t<\/a>\n\t\t<div id=\"accordion-1887620004-content\" class=\"accordion-inner\" aria-labelledby=\"accordion-1887620004-label\">\n\t\t\t\n\n<p>Una vez acreditado el pago, los pedidos se env\u00edan en el mismo d\u00eda (depende del horario de confirmaci\u00f3n de pago) o al d\u00eda siguiente. Una vez despachada la mercader\u00eda, el tiempo de demora depende de la distancia a recorrer y el m\u00e9todo de env\u00edo elegido.<br \/>\nPor lo general los env\u00edos v\u00eda expreso y colectivos suelen demorar de 1 a 4 d\u00edas h\u00e1biles dependiendo de la localidad.<\/p>\n\n\t\t<\/div>\n\t<\/div>\n\t\n\t<div id=\"accordion-3319924995\" class=\"accordion-item\">\n\t\t<a id=\"accordion-3319924995-label\" class=\"accordion-title plain\" href=\"#accordion-item-\u00bfse-puede-pedir-y-retirar-en-el-local?\" aria-expanded=\"false\" aria-controls=\"accordion-3319924995-content\">\n\t\t\t<button class=\"toggle\" aria-label=\"Toggle\"><i class=\"icon-angle-down\" aria-hidden=\"true\"><\/i><\/button>\n\t\t\t<span>\u00bfSe puede pedir y retirar en el local?<\/span>\n\t\t<\/a>\n\t\t<div id=\"accordion-3319924995-content\" class=\"accordion-inner\" aria-labelledby=\"accordion-3319924995-label\">\n\t\t\t\n\n<p>Si, pod\u00e9s elegir la opci\u00f3n \u201cretiro local\u201d y retirar tu pedido en nuestra sucursal por Aranguren 3327.<\/p>\n\n\t\t<\/div>\n\t<\/div>\n\t\n\t<div id=\"accordion-1112799294\" class=\"accordion-item\">\n\t\t<a id=\"accordion-1112799294-label\" class=\"accordion-title plain\" href=\"#accordion-item-\u00bfpuedo-mandar-a-un-comisionista?\" aria-expanded=\"false\" aria-controls=\"accordion-1112799294-content\">\n\t\t\t<button class=\"toggle\" aria-label=\"Toggle\"><i class=\"icon-angle-down\" aria-hidden=\"true\"><\/i><\/button>\n\t\t\t<span>\u00bfPuedo mandar a un comisionista?<\/span>\n\t\t<\/a>\n\t\t<div id=\"accordion-1112799294-content\" class=\"accordion-inner\" aria-labelledby=\"accordion-1112799294-label\">\n\t\t\t\n\n<p>Si, el comisionista puede abonar y retirar el pedido en Aranguren 3327 con los siguientes datos: nombre completo del cliente y n\u00famero del pedido.<\/p>\n\n\t\t<\/div>\n\t<\/div>\n\t\n\t<div id=\"accordion-826651653\" class=\"accordion-item\">\n\t\t<a id=\"accordion-826651653-label\" class=\"accordion-title plain\" href=\"#accordion-item-\u00bfcon-qu\u00e9-talles-se-manejan?\" aria-expanded=\"false\" aria-controls=\"accordion-826651653-content\">\n\t\t\t<button class=\"toggle\" aria-label=\"Toggle\"><i class=\"icon-angle-down\" aria-hidden=\"true\"><\/i><\/button>\n\t\t\t<span>\u00bfCon qu\u00e9 talles se manejan?<\/span>\n\t\t<\/a>\n\t\t<div id=\"accordion-826651653-content\" class=\"accordion-inner\" aria-labelledby=\"accordion-826651653-label\">\n\t\t\t\n\n<p>Nuestras prendas vienen desde el talle 1 al talle 6 generalmente, dependiendo del modelo. Igualmente cada modelo viene con su descripci\u00f3n de talles.<\/p>\n\n\t\t<\/div>\n\t<\/div>\n\t\n\t<div id=\"accordion-1815308096\" class=\"accordion-item\">\n\t\t<a id=\"accordion-1815308096-label\" class=\"accordion-title plain\" href=\"#accordion-item-\u00bfcu\u00e1l-es-la-pol\u00edtica-de-cambio?\" aria-expanded=\"false\" aria-controls=\"accordion-1815308096-content\">\n\t\t\t<button class=\"toggle\" aria-label=\"Toggle\"><i class=\"icon-angle-down\" aria-hidden=\"true\"><\/i><\/button>\n\t\t\t<span>\u00bfCu\u00e1l es la pol\u00edtica de cambio?<\/span>\n\t\t<\/a>\n\t\t<div id=\"accordion-1815308096-content\" class=\"accordion-inner\" aria-labelledby=\"accordion-1815308096-label\">\n\t\t\t\n\n<p>Las prendas solo tienen cambio por falla de f\u00e1brica (dentro de los 20 d\u00edas), no realizamos cambios por color ni modelo Los cambios se realizan \u00fanicamente en el local, dependiendo del stock del art\u00edculo.<\/p>\n\n\t\t<\/div>\n\t<\/div>\n\t\n\t<div id=\"accordion-4055258082\" class=\"accordion-item\">\n\t\t<a id=\"accordion-4055258082-label\" class=\"accordion-title plain\" href=\"#accordion-item-\u00bfd\u00f3nde-est\u00e1-ubicado-el-local?\" aria-expanded=\"false\" aria-controls=\"accordion-4055258082-content\">\n\t\t\t<button class=\"toggle\" aria-label=\"Toggle\"><i class=\"icon-angle-down\" aria-hidden=\"true\"><\/i><\/button>\n\t\t\t<span>\u00bfD\u00f3nde est\u00e1 ubicado el local?<\/span>\n\t\t<\/a>\n\t\t<div id=\"accordion-4055258082-content\" class=\"accordion-inner\" aria-labelledby=\"accordion-4055258082-label\">\n\t\t\t\n\n<p><b>ILATINA<\/b> \u2013 Aranguren 3327, Flores, CABA, Argentina.<\/p>\n\n\t\t<\/div>\n\t<\/div>\n\t\n\t<div id=\"accordion-2933228894\" class=\"accordion-item\">\n\t\t<a id=\"accordion-2933228894-label\" class=\"accordion-title plain\" href=\"#accordion-item-\u00bfcu\u00e1les-son-los-horarios-de-atenci\u00f3n?\" aria-expanded=\"false\" aria-controls=\"accordion-2933228894-content\">\n\t\t\t<button class=\"toggle\" aria-label=\"Toggle\"><i class=\"icon-angle-down\" aria-hidden=\"true\"><\/i><\/button>\n\t\t\t<span>\u00bfCu\u00e1les son los horarios de atenci\u00f3n?<\/span>\n\t\t<\/a>\n\t\t<div id=\"accordion-2933228894-content\" class=\"accordion-inner\" aria-labelledby=\"accordion-2933228894-label\">\n\t\t\t\n\n<p>Lunes a Viernes: 8:00 a 17:00.<br \/>S\u00e1bados: 9:00 a 13:00.<\/p>\n\n\t\t<\/div>\n\t<\/div>\n\t\n\n<\/div>\n\n\t\t<\/div>\n\t\t\t\t\t<\/div>\n\n\t\n\n<\/div>","protected":false},"excerpt":{"rendered":"","protected":false},"author":1,"featured_media":0,"parent":0,"menu_order":0,"comment_status":"open","ping_status":"open","template":"","meta":{"_joinchat":[],"footnotes":""},"class_list":["post-21","page","type-page","status-publish","hentry"],"_links":{"self":[{"href":"https:\/\/ilatinashop.com.ar\/en\/wp-json\/wp\/v2\/pages\/21","targetHints":{"allow":["GET"]}}],"collection":[{"href":"https:\/\/ilatinashop.com.ar\/en\/wp-json\/wp\/v2\/pages"}],"about":[{"href":"https:\/\/ilatinashop.com.ar\/en\/wp-json\/wp\/v2\/types\/page"}],"author":[{"embeddable":true,"href":"https:\/\/ilatinashop.com.ar\/en\/wp-json\/wp\/v2\/users\/1"}],"replies":[{"embeddable":true,"href":"https:\/\/ilatinashop.com.ar\/en\/wp-json\/wp\/v2\/comments?post=21"}],"version-history":[{"count":0,"href":"https:\/\/ilatinashop.com.ar\/en\/wp-json\/wp\/v2\/pages\/21\/revisions"}],"wp:attachment":[{"href":"https:\/\/ilatinashop.com.ar\/en\/wp-json\/wp\/v2\/media?parent=21"}],"curies":[{"name":"wp","href":"https:\/\/api.w.org\/{rel}","templated":true}]}}