{"id":23,"date":"2020-05-19T13:40:05","date_gmt":"2020-05-19T13:40:05","guid":{"rendered":"https:\/\/ilatinashop.com.ar\/formas-de-envio\/"},"modified":"2020-05-19T13:40:05","modified_gmt":"2020-05-19T13:40:05","slug":"formas-de-envio","status":"publish","type":"page","link":"https:\/\/ilatinashop.com.ar\/en\/formas-de-envio\/","title":{"rendered":"Formas de Env\u00edo"},"content":{"rendered":"<div id=\"page-header-1044589390\" class=\"page-header-wrapper\">\n  <div class=\"page-title light divided-title\">\n\n    \n    <div class=\"page-title-inner container align-center text-center flex-row-col medium-flex-wrap\" >\n              <div class=\"title-wrapper is-larger flex-col\">\n          <h1 class=\"entry-title mb-0\">\n            Formas de env\u00edo y pago          <\/h1>\n        <\/div>\n                    <div class=\"title-content flex-col\">\n              <\/div>\n    <\/div>\n\n       <\/div>\n  <div class=\"container header-wrapper-divider\"><hr\/><\/div>  <\/div>\n  \n\n<div class=\"row row-collapse\" style=\"max-width:800px\" id=\"row-120669632\">\n\n\n\t<div id=\"col-1711562290\" class=\"col small-12 large-12\"  >\n\t\t\t\t<div class=\"col-inner\"  >\n\t\t\t\n\t\t\t\n\n<h4 style=\"text-align: center;\"><strong>FORMAS DE <\/strong><b>ENV\u00cdO<\/b><\/h4>\n<p style=\"text-align: center;\">Hacemos env\u00edos a todo el pa\u00eds con el expreso o colectivo que desee el cliente. El costo de env\u00edo queda a cargo del cliente. Y tambi\u00e9n el riesgo de la mercader\u00eda en tr\u00e1nsito corre por cuenta del cliente. Una vez despachada la mercader\u00eda, el tiempo de demora depende de la distancia a recorrer y el m\u00e9todo de env\u00edo elegido. Por lo general los env\u00edos v\u00eda expreso y colectivos suelen demorar de 1 a 4 d\u00edas h\u00e1biles dependiendo de la localidad.<\/p>\n<p style=\"text-align: center;\">Adem\u00e1s te brindamos la opci\u00f3n de retirar en el local la mercader\u00eda. (Aranguren 3327)<\/p>\n<hr \/>\n<h4>\u00a0<\/h4>\n<h4 style=\"text-align: center;\"><strong>FORMAS DE PAGO<\/strong><\/h4>\n<p style=\"text-align: center;\">Podes abonar en <strong>EFECTIVO<\/strong> retirando en el local. Tambi\u00e9n a trav\u00e9s de <strong>DEP\u00d3SITO<\/strong> en la cuenta bancaria del Banco. Los m\u00e9todos de <strong>TRANSFERENCIA<\/strong> bancaria y <strong>MERCADO PAGO<\/strong> tienen un recargo del 10% en el total de la compra.<\/p>\n\n\t\t<\/div>\n\t\t\t\t\t<\/div>\n\n\t\n\n<\/div>","protected":false},"excerpt":{"rendered":"","protected":false},"author":1,"featured_media":0,"parent":0,"menu_order":0,"comment_status":"open","ping_status":"open","template":"","meta":{"_joinchat":[],"footnotes":""},"class_list":["post-23","page","type-page","status-publish","hentry"],"_links":{"self":[{"href":"https:\/\/ilatinashop.com.ar\/en\/wp-json\/wp\/v2\/pages\/23","targetHints":{"allow":["GET"]}}],"collection":[{"href":"https:\/\/ilatinashop.com.ar\/en\/wp-json\/wp\/v2\/pages"}],"about":[{"href":"https:\/\/ilatinashop.com.ar\/en\/wp-json\/wp\/v2\/types\/page"}],"author":[{"embeddable":true,"href":"https:\/\/ilatinashop.com.ar\/en\/wp-json\/wp\/v2\/users\/1"}],"replies":[{"embeddable":true,"href":"https:\/\/ilatinashop.com.ar\/en\/wp-json\/wp\/v2\/comments?post=23"}],"version-history":[{"count":0,"href":"https:\/\/ilatinashop.com.ar\/en\/wp-json\/wp\/v2\/pages\/23\/revisions"}],"wp:attachment":[{"href":"https:\/\/ilatinashop.com.ar\/en\/wp-json\/wp\/v2\/media?parent=23"}],"curies":[{"name":"wp","href":"https:\/\/api.w.org\/{rel}","templated":true}]}}