{"id":1027,"date":"2026-04-07T18:46:40","date_gmt":"2026-04-07T21:46:40","guid":{"rendered":"https:\/\/ilatinashop.com.ar\/?post_type=product&#038;p=1027"},"modified":"2026-04-17T14:07:45","modified_gmt":"2026-04-17T17:07:45","slug":"pantalon-miller","status":"publish","type":"product","link":"https:\/\/ilatinashop.com.ar\/en\/product\/pantalon-miller\/","title":{"rendered":"Pantal\u00f3n Miller"},"content":{"rendered":"<p>Pantal\u00f3n palazzo doble pinza en crepe twill. Cinto finito con medialunas met\u00e1licas. Bot\u00f3n pasta al tono. Bolsillos en los laterales.<\/p>\n<p>Tela: Crepe twill<\/p>","protected":false},"excerpt":{"rendered":"<p>Pantal\u00f3n palazzo doble pinza en crepe twill. Cinto finito con medialunas met\u00e1licas. Bot\u00f3n pasta al tono. Bolsillos en los laterales. Tela: Crepe twill<\/p>","protected":false},"featured_media":1051,"template":"","meta":{"_joinchat":[]},"product_brand":[],"product_cat":[64],"product_tag":[],"class_list":{"0":"post-1027","1":"product","2":"type-product","3":"status-publish","4":"has-post-thumbnail","6":"product_cat-pantalones","7":"pa_color-gris","8":"pa_color-negro","9":"pa_talle-19","10":"pa_talle-20","11":"pa_talle-21","12":"pa_talle-22","14":"first","15":"instock","16":"shipping-taxable","17":"purchasable","18":"product-type-variable"},"_links":{"self":[{"href":"https:\/\/ilatinashop.com.ar\/en\/wp-json\/wp\/v2\/product\/1027","targetHints":{"allow":["GET"]}}],"collection":[{"href":"https:\/\/ilatinashop.com.ar\/en\/wp-json\/wp\/v2\/product"}],"about":[{"href":"https:\/\/ilatinashop.com.ar\/en\/wp-json\/wp\/v2\/types\/product"}],"wp:featuredmedia":[{"embeddable":true,"href":"https:\/\/ilatinashop.com.ar\/en\/wp-json\/wp\/v2\/media\/1051"}],"wp:attachment":[{"href":"https:\/\/ilatinashop.com.ar\/en\/wp-json\/wp\/v2\/media?parent=1027"}],"wp:term":[{"taxonomy":"product_brand","embeddable":true,"href":"https:\/\/ilatinashop.com.ar\/en\/wp-json\/wp\/v2\/product_brand?post=1027"},{"taxonomy":"product_cat","embeddable":true,"href":"https:\/\/ilatinashop.com.ar\/en\/wp-json\/wp\/v2\/product_cat?post=1027"},{"taxonomy":"product_tag","embeddable":true,"href":"https:\/\/ilatinashop.com.ar\/en\/wp-json\/wp\/v2\/product_tag?post=1027"}],"curies":[{"name":"wp","href":"https:\/\/api.w.org\/{rel}","templated":true}]}}