{"id":1050,"date":"2026-04-07T18:46:41","date_gmt":"2026-04-07T21:46:41","guid":{"rendered":"https:\/\/ilatinashop.com.ar\/?post_type=product&#038;p=1050"},"modified":"2026-05-13T09:31:47","modified_gmt":"2026-05-13T12:31:47","slug":"pantalon-oliver","status":"publish","type":"product","link":"https:\/\/ilatinashop.com.ar\/en\/product\/pantalon-oliver\/","title":{"rendered":"Pantal\u00f3n Oliver"},"content":{"rendered":"<p>Pantal\u00f3n recto sastrero doble pinza en delantero. Bolsillos en los laterales. Bot\u00f3n pasta al tono. Pod\u00e9s hacer conjunto con *Saco OLIVER.<\/p>\n<p>Tela: Twill Sastrero<\/p>","protected":false},"excerpt":{"rendered":"<p>Pantal\u00f3n recto sastrero doble pinza en delantero. Bolsillos en los laterales. Bot\u00f3n pasta al tono. Pod\u00e9s hacer conjunto con *Saco OLIVER. Tela: Twill Sastrero<\/p>","protected":false},"featured_media":1068,"template":"","meta":{"_joinchat":[]},"product_brand":[],"product_cat":[64],"product_tag":[],"class_list":{"0":"post-1050","1":"product","2":"type-product","3":"status-publish","4":"has-post-thumbnail","6":"product_cat-pantalones","7":"pa_color-beige","8":"pa_color-gris-melange-oscuro","9":"pa_color-negro","10":"pa_talle-19","11":"pa_talle-20","12":"pa_talle-21","13":"pa_talle-22","14":"pa_talle-23","16":"first","17":"instock","18":"shipping-taxable","19":"purchasable","20":"product-type-variable"},"_links":{"self":[{"href":"https:\/\/ilatinashop.com.ar\/en\/wp-json\/wp\/v2\/product\/1050","targetHints":{"allow":["GET"]}}],"collection":[{"href":"https:\/\/ilatinashop.com.ar\/en\/wp-json\/wp\/v2\/product"}],"about":[{"href":"https:\/\/ilatinashop.com.ar\/en\/wp-json\/wp\/v2\/types\/product"}],"wp:featuredmedia":[{"embeddable":true,"href":"https:\/\/ilatinashop.com.ar\/en\/wp-json\/wp\/v2\/media\/1068"}],"wp:attachment":[{"href":"https:\/\/ilatinashop.com.ar\/en\/wp-json\/wp\/v2\/media?parent=1050"}],"wp:term":[{"taxonomy":"product_brand","embeddable":true,"href":"https:\/\/ilatinashop.com.ar\/en\/wp-json\/wp\/v2\/product_brand?post=1050"},{"taxonomy":"product_cat","embeddable":true,"href":"https:\/\/ilatinashop.com.ar\/en\/wp-json\/wp\/v2\/product_cat?post=1050"},{"taxonomy":"product_tag","embeddable":true,"href":"https:\/\/ilatinashop.com.ar\/en\/wp-json\/wp\/v2\/product_tag?post=1050"}],"curies":[{"name":"wp","href":"https:\/\/api.w.org\/{rel}","templated":true}]}}