{"id":1090,"date":"2026-04-07T18:46:56","date_gmt":"2026-04-07T21:46:56","guid":{"rendered":"https:\/\/ilatinashop.com.ar\/?post_type=product&#038;p=1090"},"modified":"2026-04-17T14:07:16","modified_gmt":"2026-04-17T17:07:16","slug":"pantalon-megan","status":"publish","type":"product","link":"https:\/\/ilatinashop.com.ar\/en\/product\/pantalon-megan\/","title":{"rendered":"Pantal\u00f3n Megan"},"content":{"rendered":"<p>Pantal\u00f3n sastrero con pinzas en twill sastrero. Cintura con el\u00e1stico en la espalda. Dos bolsillos laterales y bolsillos ojal en el trasero.<\/p>\n<p>Tela: Twill sastrero<\/p>","protected":false},"excerpt":{"rendered":"<p>Pantal\u00f3n sastrero con pinzas en twill sastrero. Cintura con el\u00e1stico en la espalda. Dos bolsillos laterales y bolsillos ojal en el trasero. Tela: Twill sastrero<\/p>","protected":false},"featured_media":1105,"template":"","meta":{"_joinchat":[]},"product_brand":[],"product_cat":[64],"product_tag":[],"class_list":{"0":"post-1090","1":"product","2":"type-product","3":"status-publish","4":"has-post-thumbnail","6":"product_cat-pantalones","7":"pa_color-beige","8":"pa_color-gris-melange-oscuro","9":"pa_color-negro","10":"pa_talle-19","11":"pa_talle-20","12":"pa_talle-21","13":"pa_talle-22","14":"pa_talle-23","16":"first","17":"instock","18":"shipping-taxable","19":"purchasable","20":"product-type-variable"},"_links":{"self":[{"href":"https:\/\/ilatinashop.com.ar\/en\/wp-json\/wp\/v2\/product\/1090","targetHints":{"allow":["GET"]}}],"collection":[{"href":"https:\/\/ilatinashop.com.ar\/en\/wp-json\/wp\/v2\/product"}],"about":[{"href":"https:\/\/ilatinashop.com.ar\/en\/wp-json\/wp\/v2\/types\/product"}],"wp:featuredmedia":[{"embeddable":true,"href":"https:\/\/ilatinashop.com.ar\/en\/wp-json\/wp\/v2\/media\/1105"}],"wp:attachment":[{"href":"https:\/\/ilatinashop.com.ar\/en\/wp-json\/wp\/v2\/media?parent=1090"}],"wp:term":[{"taxonomy":"product_brand","embeddable":true,"href":"https:\/\/ilatinashop.com.ar\/en\/wp-json\/wp\/v2\/product_brand?post=1090"},{"taxonomy":"product_cat","embeddable":true,"href":"https:\/\/ilatinashop.com.ar\/en\/wp-json\/wp\/v2\/product_cat?post=1090"},{"taxonomy":"product_tag","embeddable":true,"href":"https:\/\/ilatinashop.com.ar\/en\/wp-json\/wp\/v2\/product_tag?post=1090"}],"curies":[{"name":"wp","href":"https:\/\/api.w.org\/{rel}","templated":true}]}}