{"id":1113,"date":"2026-04-07T18:47:11","date_gmt":"2026-04-07T21:47:11","guid":{"rendered":"https:\/\/ilatinashop.com.ar\/?post_type=product&#038;p=1113"},"modified":"2026-04-07T18:47:34","modified_gmt":"2026-04-07T21:47:34","slug":"pantalon-serena-promocion","status":"publish","type":"product","link":"https:\/\/ilatinashop.com.ar\/en\/product\/pantalon-serena-promocion\/","title":{"rendered":"Pantal\u00f3n Serena (Promoci\u00f3n)"},"content":{"rendered":"<p>Pantal\u00f3n sastrero con pinzas en cotton saten. Cintura con el\u00e1stico en la espalda. Dos bolsillos laterales y bolsillos ojal en el trasero.<\/p>\n<p>Tela: Cotton saten.<\/p>","protected":false},"excerpt":{"rendered":"<p>Pantal\u00f3n sastrero con pinzas en cotton saten. Cintura con el\u00e1stico en la espalda. Dos bolsillos laterales y bolsillos ojal en el trasero. Tela: Cotton saten.<\/p>","protected":false},"featured_media":1142,"template":"","meta":{"_joinchat":[]},"product_brand":[],"product_cat":[64,66],"product_tag":[],"class_list":{"0":"post-1113","1":"product","2":"type-product","3":"status-publish","4":"has-post-thumbnail","6":"product_cat-pantalones","7":"product_cat-promos","8":"pa_color-army","9":"pa_color-camel","10":"pa_color-chocolate","11":"pa_color-gris","12":"pa_color-navy","13":"pa_color-negro","14":"pa_talle-19","15":"pa_talle-20","16":"pa_talle-21","17":"pa_talle-22","18":"pa_talle-23","19":"pa_talle-24","21":"first","22":"instock","23":"shipping-taxable","24":"purchasable","25":"product-type-variable"},"_links":{"self":[{"href":"https:\/\/ilatinashop.com.ar\/en\/wp-json\/wp\/v2\/product\/1113","targetHints":{"allow":["GET"]}}],"collection":[{"href":"https:\/\/ilatinashop.com.ar\/en\/wp-json\/wp\/v2\/product"}],"about":[{"href":"https:\/\/ilatinashop.com.ar\/en\/wp-json\/wp\/v2\/types\/product"}],"wp:featuredmedia":[{"embeddable":true,"href":"https:\/\/ilatinashop.com.ar\/en\/wp-json\/wp\/v2\/media\/1142"}],"wp:attachment":[{"href":"https:\/\/ilatinashop.com.ar\/en\/wp-json\/wp\/v2\/media?parent=1113"}],"wp:term":[{"taxonomy":"product_brand","embeddable":true,"href":"https:\/\/ilatinashop.com.ar\/en\/wp-json\/wp\/v2\/product_brand?post=1113"},{"taxonomy":"product_cat","embeddable":true,"href":"https:\/\/ilatinashop.com.ar\/en\/wp-json\/wp\/v2\/product_cat?post=1113"},{"taxonomy":"product_tag","embeddable":true,"href":"https:\/\/ilatinashop.com.ar\/en\/wp-json\/wp\/v2\/product_tag?post=1113"}],"curies":[{"name":"wp","href":"https:\/\/api.w.org\/{rel}","templated":true}]}}