{"id":1167,"date":"2026-04-07T18:47:20","date_gmt":"2026-04-07T21:47:20","guid":{"rendered":"https:\/\/ilatinashop.com.ar\/?post_type=product&#038;p=1167"},"modified":"2026-04-24T10:41:38","modified_gmt":"2026-04-24T13:41:38","slug":"pantalon-ginger","status":"publish","type":"product","link":"https:\/\/ilatinashop.com.ar\/en\/product\/pantalon-ginger\/","title":{"rendered":"Pantal\u00f3n Ginger"},"content":{"rendered":"<p>Pantal\u00f3n recto sastrero una pinza en delantero con cinto con hebilla con medialunas met\u00e1licas. Bolsillos en los laterales. Bot\u00f3n pasta al tono.<\/p>\n<p>Tela: Twill sastrero<\/p>","protected":false},"excerpt":{"rendered":"<p>Pantal\u00f3n recto sastrero una pinza en delantero con cinto con hebilla con medialunas met\u00e1licas. Bolsillos en los laterales. Bot\u00f3n pasta al tono. Tela: Twill sastrero<\/p>","protected":false},"featured_media":1187,"template":"","meta":{"_joinchat":[]},"product_brand":[],"product_cat":[64],"product_tag":[],"class_list":{"0":"post-1167","1":"product","2":"type-product","3":"status-publish","4":"has-post-thumbnail","6":"product_cat-pantalones","7":"pa_color-beige","8":"pa_color-negro","9":"pa_color-vison","10":"pa_talle-19","11":"pa_talle-20","12":"pa_talle-21","13":"pa_talle-22","14":"pa_talle-23","16":"first","17":"instock","18":"shipping-taxable","19":"purchasable","20":"product-type-variable"},"_links":{"self":[{"href":"https:\/\/ilatinashop.com.ar\/en\/wp-json\/wp\/v2\/product\/1167","targetHints":{"allow":["GET"]}}],"collection":[{"href":"https:\/\/ilatinashop.com.ar\/en\/wp-json\/wp\/v2\/product"}],"about":[{"href":"https:\/\/ilatinashop.com.ar\/en\/wp-json\/wp\/v2\/types\/product"}],"wp:featuredmedia":[{"embeddable":true,"href":"https:\/\/ilatinashop.com.ar\/en\/wp-json\/wp\/v2\/media\/1187"}],"wp:attachment":[{"href":"https:\/\/ilatinashop.com.ar\/en\/wp-json\/wp\/v2\/media?parent=1167"}],"wp:term":[{"taxonomy":"product_brand","embeddable":true,"href":"https:\/\/ilatinashop.com.ar\/en\/wp-json\/wp\/v2\/product_brand?post=1167"},{"taxonomy":"product_cat","embeddable":true,"href":"https:\/\/ilatinashop.com.ar\/en\/wp-json\/wp\/v2\/product_cat?post=1167"},{"taxonomy":"product_tag","embeddable":true,"href":"https:\/\/ilatinashop.com.ar\/en\/wp-json\/wp\/v2\/product_tag?post=1167"}],"curies":[{"name":"wp","href":"https:\/\/api.w.org\/{rel}","templated":true}]}}