{"id":1218,"date":"2026-04-07T18:47:36","date_gmt":"2026-04-07T21:47:36","guid":{"rendered":"https:\/\/ilatinashop.com.ar\/?post_type=product&#038;p=1218"},"modified":"2026-05-12T15:27:13","modified_gmt":"2026-05-12T18:27:13","slug":"remera-basica-promocion","status":"publish","type":"product","link":"https:\/\/ilatinashop.com.ar\/en\/product\/remera-basica-promocion\/","title":{"rendered":"Remera B\u00e1sica (Promoci\u00f3n)"},"content":{"rendered":"<p>Remera b\u00e1sica mangas largas, cuello redondo en jersey algod\u00f3n.<\/p>\n<p>Tela: Jersey algod\u00f3n.<\/p>","protected":false},"excerpt":{"rendered":"<p>Remera b\u00e1sica mangas largas, cuello redondo en jersey algod\u00f3n. Tela: Jersey algod\u00f3n.<\/p>","protected":false},"featured_media":1230,"template":"","meta":{"_joinchat":[]},"product_brand":[],"product_cat":[66,62],"product_tag":[],"class_list":{"0":"post-1218","1":"product","2":"type-product","3":"status-publish","4":"has-post-thumbnail","6":"product_cat-promos","7":"product_cat-remeras","8":"pa_color-bordo-melange","9":"pa_color-gris-melange-claro","10":"pa_color-gris-melange-oscuro","11":"pa_color-negro","12":"pa_talle-l","13":"pa_talle-m","14":"pa_talle-s","16":"first","17":"outofstock","18":"shipping-taxable","19":"purchasable","20":"product-type-variable"},"_links":{"self":[{"href":"https:\/\/ilatinashop.com.ar\/en\/wp-json\/wp\/v2\/product\/1218","targetHints":{"allow":["GET"]}}],"collection":[{"href":"https:\/\/ilatinashop.com.ar\/en\/wp-json\/wp\/v2\/product"}],"about":[{"href":"https:\/\/ilatinashop.com.ar\/en\/wp-json\/wp\/v2\/types\/product"}],"wp:featuredmedia":[{"embeddable":true,"href":"https:\/\/ilatinashop.com.ar\/en\/wp-json\/wp\/v2\/media\/1230"}],"wp:attachment":[{"href":"https:\/\/ilatinashop.com.ar\/en\/wp-json\/wp\/v2\/media?parent=1218"}],"wp:term":[{"taxonomy":"product_brand","embeddable":true,"href":"https:\/\/ilatinashop.com.ar\/en\/wp-json\/wp\/v2\/product_brand?post=1218"},{"taxonomy":"product_cat","embeddable":true,"href":"https:\/\/ilatinashop.com.ar\/en\/wp-json\/wp\/v2\/product_cat?post=1218"},{"taxonomy":"product_tag","embeddable":true,"href":"https:\/\/ilatinashop.com.ar\/en\/wp-json\/wp\/v2\/product_tag?post=1218"}],"curies":[{"name":"wp","href":"https:\/\/api.w.org\/{rel}","templated":true}]}}