{"id":1242,"date":"2026-04-07T18:47:47","date_gmt":"2026-04-07T21:47:47","guid":{"rendered":"https:\/\/ilatinashop.com.ar\/?post_type=product&#038;p=1242"},"modified":"2026-04-10T10:12:39","modified_gmt":"2026-04-10T13:12:39","slug":"pantalon-cher-promocion","status":"publish","type":"product","link":"https:\/\/ilatinashop.com.ar\/en\/product\/pantalon-cher-promocion\/","title":{"rendered":"Pantal\u00f3n Cher (Promoci\u00f3n)"},"content":{"rendered":"<p>Pantal\u00f3n sastrero chupin con recortes laterales en delantero. Bolsillos ojal falso en trasero. Buen calce. Pod\u00e9s hacer conjunto con saco *CHER<\/p>","protected":false},"excerpt":{"rendered":"<p>Pantal\u00f3n sastrero chupin con recortes laterales en delantero. Bolsillos ojal falso en trasero. Buen calce. Pod\u00e9s hacer conjunto con saco *CHER<\/p>","protected":false},"featured_media":1266,"template":"","meta":{"_joinchat":[]},"product_brand":[],"product_cat":[64,66],"product_tag":[],"class_list":{"0":"post-1242","1":"product","2":"type-product","3":"status-publish","4":"has-post-thumbnail","6":"product_cat-pantalones","7":"product_cat-promos","8":"pa_color-cemento","9":"pa_color-gris","10":"pa_color-negro","11":"pa_talle-19","12":"pa_talle-20","13":"pa_talle-21","14":"pa_talle-22","15":"pa_talle-23","17":"first","18":"instock","19":"shipping-taxable","20":"purchasable","21":"product-type-variable"},"_links":{"self":[{"href":"https:\/\/ilatinashop.com.ar\/en\/wp-json\/wp\/v2\/product\/1242","targetHints":{"allow":["GET"]}}],"collection":[{"href":"https:\/\/ilatinashop.com.ar\/en\/wp-json\/wp\/v2\/product"}],"about":[{"href":"https:\/\/ilatinashop.com.ar\/en\/wp-json\/wp\/v2\/types\/product"}],"wp:featuredmedia":[{"embeddable":true,"href":"https:\/\/ilatinashop.com.ar\/en\/wp-json\/wp\/v2\/media\/1266"}],"wp:attachment":[{"href":"https:\/\/ilatinashop.com.ar\/en\/wp-json\/wp\/v2\/media?parent=1242"}],"wp:term":[{"taxonomy":"product_brand","embeddable":true,"href":"https:\/\/ilatinashop.com.ar\/en\/wp-json\/wp\/v2\/product_brand?post=1242"},{"taxonomy":"product_cat","embeddable":true,"href":"https:\/\/ilatinashop.com.ar\/en\/wp-json\/wp\/v2\/product_cat?post=1242"},{"taxonomy":"product_tag","embeddable":true,"href":"https:\/\/ilatinashop.com.ar\/en\/wp-json\/wp\/v2\/product_tag?post=1242"}],"curies":[{"name":"wp","href":"https:\/\/api.w.org\/{rel}","templated":true}]}}