{"id":1255,"date":"2026-04-07T18:47:48","date_gmt":"2026-04-07T21:47:48","guid":{"rendered":"https:\/\/ilatinashop.com.ar\/?post_type=product&#038;p=1255"},"modified":"2026-04-21T10:31:43","modified_gmt":"2026-04-21T13:31:43","slug":"saco-cher-promocion","status":"publish","type":"product","link":"https:\/\/ilatinashop.com.ar\/en\/product\/saco-cher-promocion\/","title":{"rendered":"Saco Cher (Promoci\u00f3n)"},"content":{"rendered":"<p>Saco sastrero con bolsillos ojal. \u00cdntegramente forrado. Bot\u00f3n pasta al tono. Pod\u00e9s hacer conjunto con *Pantal\u00f3n CHERRY.<br \/>\nTela: Twill sastrero.<\/p>\n<div id=\"simple-translate\" class=\"simple-translate-system-theme\">\n<div>\n<div class=\"simple-translate-button isShow\" style=\"background-image: url('chrome-extension:\/\/cllnohpbfenopiakdcjmjcbaeapmkcdl\/icons\/512.png'); height: 22px; width: 22px; top: 81px; left: 233px;\"><\/div>\n<div class=\"simple-translate-panel\" style=\"width: 300px; height: 200px; top: 0px; left: 0px; font-size: 13px;\">\n<div class=\"simple-translate-result-wrapper\" style=\"overflow: hidden;\">\n<div class=\"simple-translate-move\" draggable=\"true\"><\/div>\n<div class=\"simple-translate-result-contents\">\n<p class=\"simple-translate-result\" dir=\"auto\">\n<p class=\"simple-translate-candidate\" dir=\"auto\">\n<\/div>\n<\/div>\n<\/div>\n<\/div>\n<\/div>","protected":false},"excerpt":{"rendered":"<p>Saco sastrero con bolsillos ojal. \u00cdntegramente forrado. Bot\u00f3n pasta al tono. Pod\u00e9s hacer conjunto con *Pantal\u00f3n CHERRY. Tela: Twill sastrero.<\/p>","protected":false},"featured_media":1275,"template":"","meta":{"_joinchat":[]},"product_brand":[],"product_cat":[66,65],"product_tag":[],"class_list":{"0":"post-1255","1":"product","2":"type-product","3":"status-publish","4":"has-post-thumbnail","6":"product_cat-promos","7":"product_cat-sacos","8":"pa_color-gris","9":"pa_color-vison","10":"pa_talle-19","11":"pa_talle-20","12":"pa_talle-21","13":"pa_talle-22","14":"pa_talle-23","16":"first","17":"instock","18":"shipping-taxable","19":"purchasable","20":"product-type-variable"},"_links":{"self":[{"href":"https:\/\/ilatinashop.com.ar\/en\/wp-json\/wp\/v2\/product\/1255","targetHints":{"allow":["GET"]}}],"collection":[{"href":"https:\/\/ilatinashop.com.ar\/en\/wp-json\/wp\/v2\/product"}],"about":[{"href":"https:\/\/ilatinashop.com.ar\/en\/wp-json\/wp\/v2\/types\/product"}],"wp:featuredmedia":[{"embeddable":true,"href":"https:\/\/ilatinashop.com.ar\/en\/wp-json\/wp\/v2\/media\/1275"}],"wp:attachment":[{"href":"https:\/\/ilatinashop.com.ar\/en\/wp-json\/wp\/v2\/media?parent=1255"}],"wp:term":[{"taxonomy":"product_brand","embeddable":true,"href":"https:\/\/ilatinashop.com.ar\/en\/wp-json\/wp\/v2\/product_brand?post=1255"},{"taxonomy":"product_cat","embeddable":true,"href":"https:\/\/ilatinashop.com.ar\/en\/wp-json\/wp\/v2\/product_cat?post=1255"},{"taxonomy":"product_tag","embeddable":true,"href":"https:\/\/ilatinashop.com.ar\/en\/wp-json\/wp\/v2\/product_tag?post=1255"}],"curies":[{"name":"wp","href":"https:\/\/api.w.org\/{rel}","templated":true}]}}