{"id":1353,"date":"2026-04-07T18:48:23","date_gmt":"2026-04-07T21:48:23","guid":{"rendered":"https:\/\/ilatinashop.com.ar\/?post_type=product&#038;p=1353"},"modified":"2026-04-17T13:01:28","modified_gmt":"2026-04-17T16:01:28","slug":"pantalon-lewis","status":"publish","type":"product","link":"https:\/\/ilatinashop.com.ar\/en\/product\/pantalon-lewis\/","title":{"rendered":"Pantal\u00f3n Lewis"},"content":{"rendered":"<p>Pantal\u00f3n ancho en tela waffle de punto con bolsillos en los laterales y tajos en pierna. Cintura con el\u00e1stico en todo su contorno y tiritas para atar. Pod\u00e9s hacer conjunto con *Buzo AM\u00c9RICA y *Buzo LEWIS<\/p>\n<p>Tela: Waffle de punto.<\/p>","protected":false},"excerpt":{"rendered":"<p>Pantal\u00f3n ancho en tela waffle de punto con bolsillos en los laterales y tajos en pierna. Cintura con el\u00e1stico en todo su contorno y tiritas para atar. Pod\u00e9s hacer conjunto con *Buzo AM\u00c9RICA y *Buzo LEWIS Tela: Waffle de punto.<\/p>","protected":false},"featured_media":1370,"template":"","meta":{"_joinchat":[]},"product_brand":[],"product_cat":[64],"product_tag":[],"class_list":{"0":"post-1353","1":"product","2":"type-product","3":"status-publish","4":"has-post-thumbnail","6":"product_cat-pantalones","7":"pa_color-beige","8":"pa_color-camel","9":"pa_color-gris-melange","10":"pa_color-negro","11":"pa_talle-l","12":"pa_talle-m","13":"pa_talle-s","15":"first","16":"instock","17":"shipping-taxable","18":"purchasable","19":"product-type-variable"},"_links":{"self":[{"href":"https:\/\/ilatinashop.com.ar\/en\/wp-json\/wp\/v2\/product\/1353","targetHints":{"allow":["GET"]}}],"collection":[{"href":"https:\/\/ilatinashop.com.ar\/en\/wp-json\/wp\/v2\/product"}],"about":[{"href":"https:\/\/ilatinashop.com.ar\/en\/wp-json\/wp\/v2\/types\/product"}],"wp:featuredmedia":[{"embeddable":true,"href":"https:\/\/ilatinashop.com.ar\/en\/wp-json\/wp\/v2\/media\/1370"}],"wp:attachment":[{"href":"https:\/\/ilatinashop.com.ar\/en\/wp-json\/wp\/v2\/media?parent=1353"}],"wp:term":[{"taxonomy":"product_brand","embeddable":true,"href":"https:\/\/ilatinashop.com.ar\/en\/wp-json\/wp\/v2\/product_brand?post=1353"},{"taxonomy":"product_cat","embeddable":true,"href":"https:\/\/ilatinashop.com.ar\/en\/wp-json\/wp\/v2\/product_cat?post=1353"},{"taxonomy":"product_tag","embeddable":true,"href":"https:\/\/ilatinashop.com.ar\/en\/wp-json\/wp\/v2\/product_tag?post=1353"}],"curies":[{"name":"wp","href":"https:\/\/api.w.org\/{rel}","templated":true}]}}