{"id":1524,"date":"2026-03-07T18:49:09","date_gmt":"2026-03-07T21:49:09","guid":{"rendered":"https:\/\/ilatinashop.com.ar\/?post_type=product&#038;p=1524"},"modified":"2026-04-20T09:28:03","modified_gmt":"2026-04-20T12:28:03","slug":"pantalon-tini-promocion","status":"publish","type":"product","link":"https:\/\/ilatinashop.com.ar\/en\/product\/pantalon-tini-promocion\/","title":{"rendered":"Pantal\u00f3n Tini (Promoci\u00f3n)"},"content":{"rendered":"<p>Pantal\u00f3n crepe cargo<\/p>","protected":false},"excerpt":{"rendered":"<p>Pantal\u00f3n crepe cargo<\/p>","protected":false},"featured_media":1544,"template":"","meta":{"_joinchat":[]},"product_brand":[],"product_cat":[64,66,63],"product_tag":[],"class_list":{"0":"post-1524","1":"product","2":"type-product","3":"status-publish","4":"has-post-thumbnail","6":"product_cat-pantalones","7":"product_cat-promos","8":"product_cat-sale","9":"pa_color-camel","10":"pa_color-negro","11":"pa_talle-19","12":"pa_talle-20","13":"pa_talle-21","14":"pa_talle-22","16":"first","17":"outofstock","18":"sale","19":"shipping-taxable","20":"purchasable","21":"product-type-variable"},"_links":{"self":[{"href":"https:\/\/ilatinashop.com.ar\/en\/wp-json\/wp\/v2\/product\/1524","targetHints":{"allow":["GET"]}}],"collection":[{"href":"https:\/\/ilatinashop.com.ar\/en\/wp-json\/wp\/v2\/product"}],"about":[{"href":"https:\/\/ilatinashop.com.ar\/en\/wp-json\/wp\/v2\/types\/product"}],"wp:featuredmedia":[{"embeddable":true,"href":"https:\/\/ilatinashop.com.ar\/en\/wp-json\/wp\/v2\/media\/1544"}],"wp:attachment":[{"href":"https:\/\/ilatinashop.com.ar\/en\/wp-json\/wp\/v2\/media?parent=1524"}],"wp:term":[{"taxonomy":"product_brand","embeddable":true,"href":"https:\/\/ilatinashop.com.ar\/en\/wp-json\/wp\/v2\/product_brand?post=1524"},{"taxonomy":"product_cat","embeddable":true,"href":"https:\/\/ilatinashop.com.ar\/en\/wp-json\/wp\/v2\/product_cat?post=1524"},{"taxonomy":"product_tag","embeddable":true,"href":"https:\/\/ilatinashop.com.ar\/en\/wp-json\/wp\/v2\/product_tag?post=1524"}],"curies":[{"name":"wp","href":"https:\/\/api.w.org\/{rel}","templated":true}]}}