{"id":1568,"date":"2026-03-07T18:49:22","date_gmt":"2026-03-07T21:49:22","guid":{"rendered":"https:\/\/ilatinashop.com.ar\/?post_type=product&#038;p=1568"},"modified":"2026-04-10T13:39:16","modified_gmt":"2026-04-10T16:39:16","slug":"pantalon-promocion","status":"publish","type":"product","link":"https:\/\/ilatinashop.com.ar\/en\/product\/pantalon-promocion\/","title":{"rendered":"Pantal\u00f3n (Promoci\u00f3n)"},"content":{"rendered":"<p>Pantal\u00f3n con pinza 1\/2 cintura con el\u00e1stico. Bolsillos laterales, y dos bolsillos labios falsos en el trasero. Bot\u00f3n marmolado.<\/p>\n<p>Tela: Crepe Sastrero Liviano<\/p>","protected":false},"excerpt":{"rendered":"<p>Pantal\u00f3n con pinza 1\/2 cintura con el\u00e1stico. Bolsillos laterales, y dos bolsillos labios falsos en el trasero. Bot\u00f3n marmolado. Tela: Crepe Sastrero Liviano<\/p>","protected":false},"featured_media":1590,"template":"","meta":{"_joinchat":[]},"product_brand":[],"product_cat":[64,66,63],"product_tag":[],"class_list":{"0":"post-1568","1":"product","2":"type-product","3":"status-publish","4":"has-post-thumbnail","6":"product_cat-pantalones","7":"product_cat-promos","8":"product_cat-sale","9":"pa_color-army","10":"pa_color-camel","11":"pa_color-negro","12":"pa_talle-19","13":"pa_talle-20","14":"pa_talle-21","15":"pa_talle-22","17":"first","18":"instock","19":"sale","20":"shipping-taxable","21":"purchasable","22":"product-type-variable"},"_links":{"self":[{"href":"https:\/\/ilatinashop.com.ar\/en\/wp-json\/wp\/v2\/product\/1568","targetHints":{"allow":["GET"]}}],"collection":[{"href":"https:\/\/ilatinashop.com.ar\/en\/wp-json\/wp\/v2\/product"}],"about":[{"href":"https:\/\/ilatinashop.com.ar\/en\/wp-json\/wp\/v2\/types\/product"}],"wp:featuredmedia":[{"embeddable":true,"href":"https:\/\/ilatinashop.com.ar\/en\/wp-json\/wp\/v2\/media\/1590"}],"wp:attachment":[{"href":"https:\/\/ilatinashop.com.ar\/en\/wp-json\/wp\/v2\/media?parent=1568"}],"wp:term":[{"taxonomy":"product_brand","embeddable":true,"href":"https:\/\/ilatinashop.com.ar\/en\/wp-json\/wp\/v2\/product_brand?post=1568"},{"taxonomy":"product_cat","embeddable":true,"href":"https:\/\/ilatinashop.com.ar\/en\/wp-json\/wp\/v2\/product_cat?post=1568"},{"taxonomy":"product_tag","embeddable":true,"href":"https:\/\/ilatinashop.com.ar\/en\/wp-json\/wp\/v2\/product_tag?post=1568"}],"curies":[{"name":"wp","href":"https:\/\/api.w.org\/{rel}","templated":true}]}}