{"id":1615,"date":"2026-04-07T18:49:33","date_gmt":"2026-04-07T21:49:33","guid":{"rendered":"https:\/\/ilatinashop.com.ar\/?post_type=product&#038;p=1615"},"modified":"2026-04-10T13:56:27","modified_gmt":"2026-04-10T16:56:27","slug":"pantalon-morrison","status":"publish","type":"product","link":"https:\/\/ilatinashop.com.ar\/en\/product\/pantalon-morrison\/","title":{"rendered":"Pantal\u00f3n Morrison"},"content":{"rendered":"<p>Pantal\u00f3n palazzo en piqu\u00e9 de punto. Cintura con el\u00e1stico en todo su contorno con tiritas para atar con terminales met\u00e1licas. Bolsillos en los laterales.<\/p>","protected":false},"excerpt":{"rendered":"<p>Pantal\u00f3n palazzo en piqu\u00e9 de punto. Cintura con el\u00e1stico en todo su contorno con tiritas para atar con terminales met\u00e1licas. Bolsillos en los laterales.<\/p>","protected":false},"featured_media":1636,"template":"","meta":{"_joinchat":[]},"product_brand":[],"product_cat":[64],"product_tag":[],"class_list":{"0":"post-1615","1":"product","2":"type-product","3":"status-publish","4":"has-post-thumbnail","6":"product_cat-pantalones","7":"pa_color-army","8":"pa_color-beige","9":"pa_color-negro","10":"pa_talle-l","11":"pa_talle-m","12":"pa_talle-s","14":"first","15":"instock","16":"shipping-taxable","17":"purchasable","18":"product-type-variable"},"_links":{"self":[{"href":"https:\/\/ilatinashop.com.ar\/en\/wp-json\/wp\/v2\/product\/1615","targetHints":{"allow":["GET"]}}],"collection":[{"href":"https:\/\/ilatinashop.com.ar\/en\/wp-json\/wp\/v2\/product"}],"about":[{"href":"https:\/\/ilatinashop.com.ar\/en\/wp-json\/wp\/v2\/types\/product"}],"wp:featuredmedia":[{"embeddable":true,"href":"https:\/\/ilatinashop.com.ar\/en\/wp-json\/wp\/v2\/media\/1636"}],"wp:attachment":[{"href":"https:\/\/ilatinashop.com.ar\/en\/wp-json\/wp\/v2\/media?parent=1615"}],"wp:term":[{"taxonomy":"product_brand","embeddable":true,"href":"https:\/\/ilatinashop.com.ar\/en\/wp-json\/wp\/v2\/product_brand?post=1615"},{"taxonomy":"product_cat","embeddable":true,"href":"https:\/\/ilatinashop.com.ar\/en\/wp-json\/wp\/v2\/product_cat?post=1615"},{"taxonomy":"product_tag","embeddable":true,"href":"https:\/\/ilatinashop.com.ar\/en\/wp-json\/wp\/v2\/product_tag?post=1615"}],"curies":[{"name":"wp","href":"https:\/\/api.w.org\/{rel}","templated":true}]}}