{"id":1632,"date":"2026-04-07T18:49:34","date_gmt":"2026-04-07T21:49:34","guid":{"rendered":"https:\/\/ilatinashop.com.ar\/?post_type=product&#038;p=1632"},"modified":"2026-05-13T07:37:18","modified_gmt":"2026-05-13T10:37:18","slug":"tapado-boston","status":"publish","type":"product","link":"https:\/\/ilatinashop.com.ar\/en\/product\/tapado-boston\/","title":{"rendered":"Tapado Boston"},"content":{"rendered":"<p>Tapado de pa\u00f1o velour recto. Bolsillos ojal, 1 bot\u00f3n de pasta al tono. \u00cdntegramente forrado.<\/p>\n<p>Tela: Pa\u00f1o velour.<\/p>","protected":false},"excerpt":{"rendered":"<p>Tapado de pa\u00f1o velour recto. Bolsillos ojal, 1 bot\u00f3n de pasta al tono. \u00cdntegramente forrado. Tela: Pa\u00f1o velour.<\/p>","protected":false},"featured_media":1644,"template":"","meta":{"_joinchat":[]},"product_brand":[],"product_cat":[69],"product_tag":[],"class_list":{"0":"post-1632","1":"product","2":"type-product","3":"status-publish","4":"has-post-thumbnail","6":"product_cat-tapados","7":"pa_color-beige","8":"pa_color-celeste","9":"pa_color-gris-melange-claro","10":"pa_color-gris-oscuro","11":"pa_color-ivory","12":"pa_color-negro","13":"pa_color-rojo-scarlet","14":"pa_color-tostado","15":"pa_talle-19","16":"pa_talle-20","17":"pa_talle-21","18":"pa_talle-22","19":"pa_talle-23","21":"first","22":"instock","23":"shipping-taxable","24":"purchasable","25":"product-type-variable"},"_links":{"self":[{"href":"https:\/\/ilatinashop.com.ar\/en\/wp-json\/wp\/v2\/product\/1632","targetHints":{"allow":["GET"]}}],"collection":[{"href":"https:\/\/ilatinashop.com.ar\/en\/wp-json\/wp\/v2\/product"}],"about":[{"href":"https:\/\/ilatinashop.com.ar\/en\/wp-json\/wp\/v2\/types\/product"}],"wp:featuredmedia":[{"embeddable":true,"href":"https:\/\/ilatinashop.com.ar\/en\/wp-json\/wp\/v2\/media\/1644"}],"wp:attachment":[{"href":"https:\/\/ilatinashop.com.ar\/en\/wp-json\/wp\/v2\/media?parent=1632"}],"wp:term":[{"taxonomy":"product_brand","embeddable":true,"href":"https:\/\/ilatinashop.com.ar\/en\/wp-json\/wp\/v2\/product_brand?post=1632"},{"taxonomy":"product_cat","embeddable":true,"href":"https:\/\/ilatinashop.com.ar\/en\/wp-json\/wp\/v2\/product_cat?post=1632"},{"taxonomy":"product_tag","embeddable":true,"href":"https:\/\/ilatinashop.com.ar\/en\/wp-json\/wp\/v2\/product_tag?post=1632"}],"curies":[{"name":"wp","href":"https:\/\/api.w.org\/{rel}","templated":true}]}}