{"id":1719,"date":"2026-04-07T18:50:58","date_gmt":"2026-04-07T21:50:58","guid":{"rendered":"https:\/\/ilatinashop.com.ar\/?post_type=product&#038;p=1719"},"modified":"2026-04-29T10:41:47","modified_gmt":"2026-04-29T13:41:47","slug":"sacon-york","status":"publish","type":"product","link":"https:\/\/ilatinashop.com.ar\/en\/product\/sacon-york\/","title":{"rendered":"Sac\u00f3n York"},"content":{"rendered":"<p>Sac\u00f3n de pa\u00f1o diferenciado corto cruzado. bolsillos ojal en los laterales. 4 botones marmolados. \u00cdntegramente forrado.<\/p>\n<p>Tela: Pa\u00f1o diferenciado melange.<\/p>","protected":false},"excerpt":{"rendered":"<p>Sac\u00f3n de pa\u00f1o diferenciado corto cruzado. bolsillos ojal en los laterales. 4 botones marmolados. \u00cdntegramente forrado. Tela: Pa\u00f1o diferenciado melange.<\/p>","protected":false},"featured_media":1724,"template":"","meta":{"_joinchat":[]},"product_brand":[],"product_cat":[65,69],"product_tag":[],"class_list":{"0":"post-1719","1":"product","2":"type-product","3":"status-publish","4":"has-post-thumbnail","6":"product_cat-sacos","7":"product_cat-tapados","8":"pa_color-beige-melange","9":"pa_color-gris-melange","10":"pa_color-negro-melange","11":"pa_talle-19","12":"pa_talle-20","13":"pa_talle-21","14":"pa_talle-22","16":"first","17":"instock","18":"featured","19":"shipping-taxable","20":"purchasable","21":"product-type-variable"},"_links":{"self":[{"href":"https:\/\/ilatinashop.com.ar\/en\/wp-json\/wp\/v2\/product\/1719","targetHints":{"allow":["GET"]}}],"collection":[{"href":"https:\/\/ilatinashop.com.ar\/en\/wp-json\/wp\/v2\/product"}],"about":[{"href":"https:\/\/ilatinashop.com.ar\/en\/wp-json\/wp\/v2\/types\/product"}],"wp:featuredmedia":[{"embeddable":true,"href":"https:\/\/ilatinashop.com.ar\/en\/wp-json\/wp\/v2\/media\/1724"}],"wp:attachment":[{"href":"https:\/\/ilatinashop.com.ar\/en\/wp-json\/wp\/v2\/media?parent=1719"}],"wp:term":[{"taxonomy":"product_brand","embeddable":true,"href":"https:\/\/ilatinashop.com.ar\/en\/wp-json\/wp\/v2\/product_brand?post=1719"},{"taxonomy":"product_cat","embeddable":true,"href":"https:\/\/ilatinashop.com.ar\/en\/wp-json\/wp\/v2\/product_cat?post=1719"},{"taxonomy":"product_tag","embeddable":true,"href":"https:\/\/ilatinashop.com.ar\/en\/wp-json\/wp\/v2\/product_tag?post=1719"}],"curies":[{"name":"wp","href":"https:\/\/api.w.org\/{rel}","templated":true}]}}