{"id":1742,"date":"2026-04-07T18:51:59","date_gmt":"2026-04-07T21:51:59","guid":{"rendered":"https:\/\/ilatinashop.com.ar\/?post_type=product&#038;p=1742"},"modified":"2026-04-07T20:32:23","modified_gmt":"2026-04-07T23:32:23","slug":"tapado-milan","status":"publish","type":"product","link":"https:\/\/ilatinashop.com.ar\/en\/product\/tapado-milan\/","title":{"rendered":"Tapado Mil\u00e1n"},"content":{"rendered":"<p>Tapado de pa\u00f1o velour corto cruzado con lazo. Bolsillos ojal en los laterales. Botones pasta al tono. \u00cdntegramente forrado.<\/p>\n<p>Tela: Pa\u00f1o Velour.<\/p>","protected":false},"excerpt":{"rendered":"<p>Tapado de pa\u00f1o velour corto cruzado con lazo. Bolsillos ojal en los laterales. Botones pasta al tono. \u00cdntegramente forrado. Tela: Pa\u00f1o Velour.<\/p>","protected":false},"featured_media":1764,"template":"","meta":{"_joinchat":[]},"product_brand":[],"product_cat":[69],"product_tag":[],"class_list":{"0":"post-1742","1":"product","2":"type-product","3":"status-publish","4":"has-post-thumbnail","6":"product_cat-tapados","7":"pa_color-gris-melange-claro","8":"pa_color-negro","9":"pa_color-tostado","10":"pa_talle-19","11":"pa_talle-20","12":"pa_talle-21","13":"pa_talle-22","14":"pa_talle-23","16":"first","17":"instock","18":"shipping-taxable","19":"purchasable","20":"product-type-variable"},"_links":{"self":[{"href":"https:\/\/ilatinashop.com.ar\/en\/wp-json\/wp\/v2\/product\/1742","targetHints":{"allow":["GET"]}}],"collection":[{"href":"https:\/\/ilatinashop.com.ar\/en\/wp-json\/wp\/v2\/product"}],"about":[{"href":"https:\/\/ilatinashop.com.ar\/en\/wp-json\/wp\/v2\/types\/product"}],"wp:featuredmedia":[{"embeddable":true,"href":"https:\/\/ilatinashop.com.ar\/en\/wp-json\/wp\/v2\/media\/1764"}],"wp:attachment":[{"href":"https:\/\/ilatinashop.com.ar\/en\/wp-json\/wp\/v2\/media?parent=1742"}],"wp:term":[{"taxonomy":"product_brand","embeddable":true,"href":"https:\/\/ilatinashop.com.ar\/en\/wp-json\/wp\/v2\/product_brand?post=1742"},{"taxonomy":"product_cat","embeddable":true,"href":"https:\/\/ilatinashop.com.ar\/en\/wp-json\/wp\/v2\/product_cat?post=1742"},{"taxonomy":"product_tag","embeddable":true,"href":"https:\/\/ilatinashop.com.ar\/en\/wp-json\/wp\/v2\/product_tag?post=1742"}],"curies":[{"name":"wp","href":"https:\/\/api.w.org\/{rel}","templated":true}]}}