{"id":1800,"date":"2026-04-07T20:30:33","date_gmt":"2026-04-07T23:30:33","guid":{"rendered":"https:\/\/ilatinashop.com.ar\/?post_type=product&#038;p=1800"},"modified":"2026-05-11T15:48:00","modified_gmt":"2026-05-11T18:48:00","slug":"tapado-london","status":"publish","type":"product","link":"https:\/\/ilatinashop.com.ar\/en\/product\/tapado-london\/","title":{"rendered":"Tapado London"},"content":{"rendered":"<p>Tapado largo con lazo en pa\u00f1o velour. Bolsillos en los laterales. Botones marmolados. \u00cdntegramente forrado.<\/p>\n<p>Tela: Pa\u00f1o Velour.<\/p>","protected":false},"excerpt":{"rendered":"<p>Tapado largo con lazo en pa\u00f1o velour. Bolsillos en los laterales. Botones marmolados. \u00cdntegramente forrado. Tela: Pa\u00f1o Velour.<\/p>","protected":false},"featured_media":1825,"template":"","meta":{"_joinchat":[]},"product_brand":[],"product_cat":[69],"product_tag":[],"class_list":{"0":"post-1800","1":"product","2":"type-product","3":"status-publish","4":"has-post-thumbnail","6":"product_cat-tapados","7":"pa_color-camel","8":"pa_color-gris-melange-claro","9":"pa_color-ivory","10":"pa_color-mint","11":"pa_color-negro","12":"pa_color-uva","13":"pa_talle-19","14":"pa_talle-20","15":"pa_talle-21","16":"pa_talle-22","17":"pa_talle-23","19":"first","20":"instock","21":"featured","22":"shipping-taxable","23":"purchasable","24":"product-type-variable"},"_links":{"self":[{"href":"https:\/\/ilatinashop.com.ar\/en\/wp-json\/wp\/v2\/product\/1800","targetHints":{"allow":["GET"]}}],"collection":[{"href":"https:\/\/ilatinashop.com.ar\/en\/wp-json\/wp\/v2\/product"}],"about":[{"href":"https:\/\/ilatinashop.com.ar\/en\/wp-json\/wp\/v2\/types\/product"}],"wp:featuredmedia":[{"embeddable":true,"href":"https:\/\/ilatinashop.com.ar\/en\/wp-json\/wp\/v2\/media\/1825"}],"wp:attachment":[{"href":"https:\/\/ilatinashop.com.ar\/en\/wp-json\/wp\/v2\/media?parent=1800"}],"wp:term":[{"taxonomy":"product_brand","embeddable":true,"href":"https:\/\/ilatinashop.com.ar\/en\/wp-json\/wp\/v2\/product_brand?post=1800"},{"taxonomy":"product_cat","embeddable":true,"href":"https:\/\/ilatinashop.com.ar\/en\/wp-json\/wp\/v2\/product_cat?post=1800"},{"taxonomy":"product_tag","embeddable":true,"href":"https:\/\/ilatinashop.com.ar\/en\/wp-json\/wp\/v2\/product_tag?post=1800"}],"curies":[{"name":"wp","href":"https:\/\/api.w.org\/{rel}","templated":true}]}}