{"id":4798,"date":"2026-04-15T14:32:38","date_gmt":"2026-04-15T17:32:38","guid":{"rendered":"https:\/\/ilatinashop.com.ar\/?post_type=product&#038;p=4798"},"modified":"2026-04-17T12:50:58","modified_gmt":"2026-04-17T15:50:58","slug":"pantalon-soho","status":"publish","type":"product","link":"https:\/\/ilatinashop.com.ar\/en\/product\/pantalon-soho\/","title":{"rendered":"Pantal\u00f3n Soho"},"content":{"rendered":"<p>Pantal\u00f3n ancho con pinzas en crepe pesado. Bolsillos en los laterales. Bot\u00f3n pasta al tono.<\/p>\n<p>Tela: Crepe pesado.<\/p>","protected":false},"excerpt":{"rendered":"<p>Pantal\u00f3n ancho con pinzas en crepe pesado. Bolsillos en los laterales. Bot\u00f3n pasta al tono. Tela: Crepe pesado.<\/p>","protected":false},"featured_media":4799,"template":"","meta":{"_joinchat":[]},"product_brand":[],"product_cat":[64],"product_tag":[],"class_list":{"0":"post-4798","1":"product","2":"type-product","3":"status-publish","4":"has-post-thumbnail","6":"product_cat-pantalones","7":"pa_color-negro","8":"pa_talle-19","9":"pa_talle-20","10":"pa_talle-21","11":"pa_talle-22","12":"pa_talle-23","14":"first","15":"instock","16":"shipping-taxable","17":"purchasable","18":"product-type-variable"},"_links":{"self":[{"href":"https:\/\/ilatinashop.com.ar\/en\/wp-json\/wp\/v2\/product\/4798","targetHints":{"allow":["GET"]}}],"collection":[{"href":"https:\/\/ilatinashop.com.ar\/en\/wp-json\/wp\/v2\/product"}],"about":[{"href":"https:\/\/ilatinashop.com.ar\/en\/wp-json\/wp\/v2\/types\/product"}],"wp:featuredmedia":[{"embeddable":true,"href":"https:\/\/ilatinashop.com.ar\/en\/wp-json\/wp\/v2\/media\/4799"}],"wp:attachment":[{"href":"https:\/\/ilatinashop.com.ar\/en\/wp-json\/wp\/v2\/media?parent=4798"}],"wp:term":[{"taxonomy":"product_brand","embeddable":true,"href":"https:\/\/ilatinashop.com.ar\/en\/wp-json\/wp\/v2\/product_brand?post=4798"},{"taxonomy":"product_cat","embeddable":true,"href":"https:\/\/ilatinashop.com.ar\/en\/wp-json\/wp\/v2\/product_cat?post=4798"},{"taxonomy":"product_tag","embeddable":true,"href":"https:\/\/ilatinashop.com.ar\/en\/wp-json\/wp\/v2\/product_tag?post=4798"}],"curies":[{"name":"wp","href":"https:\/\/api.w.org\/{rel}","templated":true}]}}