{"id":5018,"date":"2026-01-29T12:25:46","date_gmt":"2026-01-29T15:25:46","guid":{"rendered":"https:\/\/ilatinashop.com.ar\/?post_type=product&#038;p=5018"},"modified":"2026-04-29T12:27:24","modified_gmt":"2026-04-29T15:27:24","slug":"campera-benny-promocion","status":"publish","type":"product","link":"https:\/\/ilatinashop.com.ar\/en\/product\/campera-benny-promocion\/","title":{"rendered":"Campera Benny Promoci\u00f3n"},"content":{"rendered":"<p>Campera corta de pa\u00f1o boucl\u00e9, sisa baja con bolsillos plaqu\u00e9. Botones marmolados.<\/p>\n<p>Tela: Pa\u00f1o fantas\u00eda boucl\u00e9<\/p>","protected":false},"excerpt":{"rendered":"<p>Campera corta de pa\u00f1o boucl\u00e9, sisa baja con bolsillos plaqu\u00e9. Botones marmolados. Tela: Pa\u00f1o fantas\u00eda boucl\u00e9<\/p>","protected":false},"featured_media":5026,"template":"","meta":{"_joinchat":[]},"product_brand":[],"product_cat":[74,66,63],"product_tag":[],"class_list":{"0":"post-5018","1":"product","2":"type-product","3":"status-publish","4":"has-post-thumbnail","6":"product_cat-camperas","7":"product_cat-promos","8":"product_cat-sale","9":"pa_color-camel","10":"pa_talle-19","11":"pa_talle-20","12":"pa_talle-21","14":"first","15":"instock","16":"sale","17":"shipping-taxable","18":"purchasable","19":"product-type-variable"},"_links":{"self":[{"href":"https:\/\/ilatinashop.com.ar\/en\/wp-json\/wp\/v2\/product\/5018","targetHints":{"allow":["GET"]}}],"collection":[{"href":"https:\/\/ilatinashop.com.ar\/en\/wp-json\/wp\/v2\/product"}],"about":[{"href":"https:\/\/ilatinashop.com.ar\/en\/wp-json\/wp\/v2\/types\/product"}],"wp:featuredmedia":[{"embeddable":true,"href":"https:\/\/ilatinashop.com.ar\/en\/wp-json\/wp\/v2\/media\/5026"}],"wp:attachment":[{"href":"https:\/\/ilatinashop.com.ar\/en\/wp-json\/wp\/v2\/media?parent=5018"}],"wp:term":[{"taxonomy":"product_brand","embeddable":true,"href":"https:\/\/ilatinashop.com.ar\/en\/wp-json\/wp\/v2\/product_brand?post=5018"},{"taxonomy":"product_cat","embeddable":true,"href":"https:\/\/ilatinashop.com.ar\/en\/wp-json\/wp\/v2\/product_cat?post=5018"},{"taxonomy":"product_tag","embeddable":true,"href":"https:\/\/ilatinashop.com.ar\/en\/wp-json\/wp\/v2\/product_tag?post=5018"}],"curies":[{"name":"wp","href":"https:\/\/api.w.org\/{rel}","templated":true}]}}