{"id":5079,"date":"2026-01-29T12:44:31","date_gmt":"2026-01-29T15:44:31","guid":{"rendered":"https:\/\/ilatinashop.com.ar\/?post_type=product&#038;p=5079"},"modified":"2026-05-11T10:12:08","modified_gmt":"2026-05-11T13:12:08","slug":"campera-berlin-promocion","status":"publish","type":"product","link":"https:\/\/ilatinashop.com.ar\/en\/product\/campera-berlin-promocion\/","title":{"rendered":"Campera Berlin Promoci\u00f3n"},"content":{"rendered":"<p>Campera frizada combi corderito, con cierre met\u00e1lico y cord\u00f3n en capucha.<\/p>","protected":false},"excerpt":{"rendered":"<p>Campera frizada combi corderito, con cierre met\u00e1lico y cord\u00f3n en capucha.<\/p>","protected":false},"featured_media":5080,"template":"","meta":{"_joinchat":[]},"product_brand":[],"product_cat":[74,66,63],"product_tag":[],"class_list":{"0":"post-5079","1":"product","2":"type-product","3":"status-publish","4":"has-post-thumbnail","6":"product_cat-camperas","7":"product_cat-promos","8":"product_cat-sale","9":"pa_color-gris","10":"pa_color-negro","11":"pa_talle-19","12":"pa_talle-20","13":"pa_talle-21","15":"first","16":"instock","17":"sale","18":"shipping-taxable","19":"purchasable","20":"product-type-variable"},"_links":{"self":[{"href":"https:\/\/ilatinashop.com.ar\/en\/wp-json\/wp\/v2\/product\/5079","targetHints":{"allow":["GET"]}}],"collection":[{"href":"https:\/\/ilatinashop.com.ar\/en\/wp-json\/wp\/v2\/product"}],"about":[{"href":"https:\/\/ilatinashop.com.ar\/en\/wp-json\/wp\/v2\/types\/product"}],"wp:featuredmedia":[{"embeddable":true,"href":"https:\/\/ilatinashop.com.ar\/en\/wp-json\/wp\/v2\/media\/5080"}],"wp:attachment":[{"href":"https:\/\/ilatinashop.com.ar\/en\/wp-json\/wp\/v2\/media?parent=5079"}],"wp:term":[{"taxonomy":"product_brand","embeddable":true,"href":"https:\/\/ilatinashop.com.ar\/en\/wp-json\/wp\/v2\/product_brand?post=5079"},{"taxonomy":"product_cat","embeddable":true,"href":"https:\/\/ilatinashop.com.ar\/en\/wp-json\/wp\/v2\/product_cat?post=5079"},{"taxonomy":"product_tag","embeddable":true,"href":"https:\/\/ilatinashop.com.ar\/en\/wp-json\/wp\/v2\/product_tag?post=5079"}],"curies":[{"name":"wp","href":"https:\/\/api.w.org\/{rel}","templated":true}]}}